{"id":311,"date":"2020-01-23T18:21:52","date_gmt":"2020-01-23T18:21:52","guid":{"rendered":"https:\/\/demosites.io\/web-agency-gb\/?page_id=61"},"modified":"2024-02-25T00:37:02","modified_gmt":"2024-02-24T23:37:02","slug":"o-mnie","status":"publish","type":"page","link":"https:\/\/www.joannamostowik.com\/index.php\/o-mnie\/","title":{"rendered":"O mnie"},"content":{"rendered":"\n<div class=\"wp-block-columns is-layout-flex wp-container-core-columns-is-layout-28f84493 wp-block-columns-is-layout-flex\">\n<div class=\"wp-block-column is-vertically-aligned-center is-layout-flow wp-block-column-is-layout-flow\">\n<h2 class=\"wp-block-heading has-accent-color has-text-color has-link-color wp-elements-8109edb2c87fa8d649b282e5ae9ee57f\">dr Joanna Mostowik<\/h2>\n\n\n\n<h2 class=\"wp-block-heading has-accent-color has-text-color has-superbfont-medium-font-size\">Specjalista Psycholog Kliniczny<br>Psychoterapeutka<\/h2>\n\n\n\n<p>Witam serdecznie! Jestem psychologiem klinicznym oraz psychoterapeutk\u0105 w procesie certyfikacji Polskiego Towarzystwa Psychiatrycznego. Zajmuj\u0119 si\u0119 diagnoz\u0105 kliniczn\u0105, prowadz\u0119 psychoterapi\u0119 doros\u0142ych i m\u0142odzie\u017cy. Oferuj\u0119 tak\u017ce wsparcie psychologiczne i psychoterapi\u0119 w okresie oko\u0142oporodowym. <\/p>\n\n\n\n<ul class=\"wp-block-social-links alignleft is-style-default ticss-5766b003 is-layout-flex wp-block-social-links-is-layout-flex\"><li class=\"wp-social-link wp-social-link-facebook  wp-block-social-link\"><a href=\"https:\/\/www.facebook.com\/PsychoterapeutawKrakowie\/\" class=\"wp-block-social-link-anchor\"><svg width=\"24\" height=\"24\" viewBox=\"0 0 24 24\" version=\"1.1\" xmlns=\"http:\/\/www.w3.org\/2000\/svg\" aria-hidden=\"true\" focusable=\"false\"><path d=\"M12 2C6.5 2 2 6.5 2 12c0 5 3.7 9.1 8.4 9.9v-7H7.9V12h2.5V9.8c0-2.5 1.5-3.9 3.8-3.9 1.1 0 2.2.2 2.2.2v2.5h-1.3c-1.2 0-1.6.8-1.6 1.6V12h2.8l-.4 2.9h-2.3v7C18.3 21.1 22 17 22 12c0-5.5-4.5-10-10-10z\"><\/path><\/svg><span class=\"wp-block-social-link-label screen-reader-text\">Facebook<\/span><\/a><\/li>\n\n<li class=\"wp-social-link wp-social-link-linkedin  wp-block-social-link\"><a href=\"#\" class=\"wp-block-social-link-anchor\"><svg width=\"24\" height=\"24\" viewBox=\"0 0 24 24\" version=\"1.1\" xmlns=\"http:\/\/www.w3.org\/2000\/svg\" aria-hidden=\"true\" focusable=\"false\"><path d=\"M19.7,3H4.3C3.582,3,3,3.582,3,4.3v15.4C3,20.418,3.582,21,4.3,21h15.4c0.718,0,1.3-0.582,1.3-1.3V4.3 C21,3.582,20.418,3,19.7,3z M8.339,18.338H5.667v-8.59h2.672V18.338z M7.004,8.574c-0.857,0-1.549-0.694-1.549-1.548 c0-0.855,0.691-1.548,1.549-1.548c0.854,0,1.547,0.694,1.547,1.548C8.551,7.881,7.858,8.574,7.004,8.574z M18.339,18.338h-2.669 v-4.177c0-0.996-0.017-2.278-1.387-2.278c-1.389,0-1.601,1.086-1.601,2.206v4.249h-2.667v-8.59h2.559v1.174h0.037 c0.356-0.675,1.227-1.387,2.526-1.387c2.703,0,3.203,1.779,3.203,4.092V18.338z\"><\/path><\/svg><span class=\"wp-block-social-link-label screen-reader-text\">LinkedIn<\/span><\/a><\/li><\/ul>\n<\/div>\n\n\n\n<div class=\"wp-block-column is-vertically-aligned-center is-layout-flow wp-block-column-is-layout-flow\">\n<figure class=\"wp-block-image size-full is-resized\"><img fetchpriority=\"high\" decoding=\"async\" width=\"348\" height=\"522\" src=\"http:\/\/www.joannamostowik.com\/wp-content\/uploads\/2024\/02\/Mostowik_face.webp\" alt=\"\" class=\"wp-image-475\" style=\"width:330px;height:auto\" srcset=\"https:\/\/www.joannamostowik.com\/wp-content\/uploads\/2024\/02\/Mostowik_face.webp 348w, https:\/\/www.joannamostowik.com\/wp-content\/uploads\/2024\/02\/Mostowik_face-200x300.webp 200w\" sizes=\"(max-width: 348px) 100vw, 348px\" \/><\/figure>\n<\/div>\n<\/div>\n\n\n\n<p><strong>EDUKACJA I DO\u015aWIADCZENIE<\/strong><\/p>\n\n\n\n<p>Uko\u0144czy\u0142am psychologi\u0119 stosowan\u0105 na Uniwersytecie Jagiello\u0144skim, gdzie w 2022 roku obroni\u0142am prac\u0119 doktorsk\u0105 dotycz\u0105c\u0105 tematu przymierza terapeutycznego i efekt\u00f3w leczenia w psychoterapii grupowej pacjent\u00f3w z zaburzeniami l\u0119kowymi i osobowo\u015bci.<\/p>\n\n\n\n<p>Na co dzie\u0144 pracuj\u0119 w Zak\u0142adzie Psychoterapii Szpitala Uniwersyteckiego w Krakowie, gdzie prowadz\u0119 psychoterapi\u0119 grupow\u0105 i indywidualn\u0105 doros\u0142ych oraz w Poradni Psychologiczno-Pedagogicznej w Zespole Terapii Dzieci, M\u0142odzie\u017cy i Rodzin. Moje wcze\u015bniejsze do\u015bwiadczenie kliniczne obejmuje prac\u0119 w oddziale stacjonarnym psychiatrii, poradni zdrowia psychicznego oraz sta\u017ce w r\u00f3\u017cnych oddzia\u0142ach i poradniach somatycznych (m. in. ginekologia, hematologia, onkologia i hematologia dzieci\u0119ca, chirurgia og\u00f3lna i onkologiczna, neurologia, poradnia diabetologiczna).<\/p>\n\n\n\n<p><strong>PODEJ\u015aCIE TERAPEUTYCZNE<\/strong><\/p>\n\n\n\n<p>W pracy kieruj\u0119 si\u0119 przekonaniem, \u017ce podstawowym elementem, od kt\u00f3rego zale\u017c\u0105 efekty leczenia jest silna relacja terapeutyczna, a tak\u017ce precyzyjne dostosowanie metody do indywidualnych trudno\u015bci i potrzeb. Ka\u017cdy proces psychoterapii rozpoczynam od dok\u0142adnej psychologicznej diagnozy klinicznej. To staranne zrozumienie kontekstu \u017cyciowego, historii oraz aktualnych trudno\u015bci pozwala na w\u0142a\u015bciwy dob\u00f3r interwencji. D\u0105\u017c\u0119 do stworzenia bezpiecznej przestrzeni, w kt\u00f3rej osoba mo\u017ce dzieli\u0107 si\u0119 swoimi do\u015bwiadczeniami, a ja mog\u0119 w pe\u0142ni zrozumie\u0107 t\u0119 perspektyw\u0119.<\/p>\n\n\n\n<p>Opieram si\u0119 na dw\u00f3ch g\u0142\u00f3wnych nurtach \u2013 psychodynamicznym i systemowym. Podej\u015bcie psychodynamiczne pomaga zg\u0142\u0119bia\u0107 g\u0142\u0119bsze warstwy psychiki, analizuj\u0105c procesy nie\u015bwiadome. Podej\u015bcie systemowe pozwala spojrze\u0107 na problemy w kontek\u015bcie otoczenia osoby, uwzgl\u0119dniaj\u0105c wp\u0142yw rodzinny, spo\u0142eczny oraz inne czynniki \u015brodowiskowe.<\/p>\n\n\n\n<p><strong>PO\u0141\u0104CZENIE PRAKTYKI ZAWODOWEJ Z PRAC\u0104 NAUKOW\u0104<\/strong><\/p>\n\n\n\n<p>Praktyk\u0119 zawodow\u0105 \u0142\u0105cz\u0119 z prac\u0105 naukow\u0105, w kt\u00f3rej interesuj\u0105 mnie szczeg\u00f3lnie zagadnienia zwi\u0105zane z efektywno\u015bci\u0105 podejmowanego leczenia, relacj\u0105 terapeutyczn\u0105 i przywi\u0105zaniem. W praktyce stosuje standardy pracy zgodne z praktyk\u0105 psychologiczn\u0105 opart\u0105 na dowodach (<em>evidence-based practice in psychology<\/em>). Prowadz\u0119 zaj\u0119cia dydaktyczne i warsztaty dla student\u00f3w psychologii, kierunku lekarskiego oraz kursant\u00f3w szko\u0142y psychoterapii.<\/p>\n\n\n\n<p><strong>CI\u0104G\u0141E DOSKONALENIE<\/strong><\/p>\n\n\n\n<p>Regularnie uczestnicz\u0119 w superwizji indywidualnej i grupowej. Aktywnie uczestnicz\u0119 tak\u017ce w szkoleniach i konferencjach naukowych. Jestem cz\u0142onkiem Sekcji Naukowej Psychoterapii Polskiego Towarzystwa Psychiatrycznego oraz Society for Psychotherapy Research \u2013 mi\u0119dzynarodowej organizacji zrzeszaj\u0105cej psychoterapeut\u00f3w zajmuj\u0105cych si\u0119 badaniami nad psychoterapi\u0105.<\/p>\n\n\n\n<p class=\"has-superbfont-medium-font-size\">Je\u015bli szukasz wsparcia psychologicznego, terapii doros\u0142ych, m\u0142odzie\u017cy lub wsparcia w okresie oko\u0142oporodowym, serdecznie zapraszam do skontaktowania si\u0119 ze mn\u0105. Moj\u0105 misj\u0105 jest dostarczanie profesjonalnej pomocy, bazuj\u0105cej na solidnym wykszta\u0142ceniu, szerokim do\u015bwiadczeniu oraz empatycznym podej\u015bciu.<\/p>\n\n\n\n<div class=\"wp-block-uagb-buttons uagb-buttons__outer-wrap uagb-btn__default-btn uagb-btn-tablet__default-btn uagb-btn-mobile__default-btn uagb-block-fec0b9cd\"><div class=\"uagb-buttons__wrap uagb-buttons-layout-wrap\">\n<div class=\"wp-block-uagb-buttons-child uagb-buttons__outer-wrap uagb-block-2c06e1b3 wp-block-button\"><div class=\"uagb-button__wrapper\"><a class=\"uagb-buttons-repeater wp-block-button__link\" href=\"https:\/\/www.joannamostowik.com\/index.php\/oferta\/\" onclick=\"return true;\" rel=\"follow noopener\" target=\"_self\"><div class=\"uagb-button__link\">ZAPOZNAJ SI\u0118 Z OFERT\u0104<\/div><\/a><\/div><\/div>\n<\/div><\/div>\n\n\n\n<div class=\"wp-block-cover alignfull is-light has-background-color-color has-text-color has-link-color wp-elements-9fffd32fcf7da1e4d261fa92c4bf81c5\" style=\"min-height:600px;aspect-ratio:unset;\"><span aria-hidden=\"true\" class=\"wp-block-cover__background has-white-background-color has-background-dim-100 has-background-dim\"><\/span><div class=\"wp-block-cover__inner-container is-layout-flow wp-block-cover-is-layout-flow\">\n<div class=\"wp-block-group\"><div class=\"wp-block-group__inner-container is-layout-flow wp-block-group-is-layout-flow\">\n<div style=\"height:80px\" aria-hidden=\"true\" class=\"wp-block-spacer\"><\/div>\n\n\n\n<div class=\"wp-block-columns are-vertically-aligned-center is-layout-flex wp-container-core-columns-is-layout-28f84493 wp-block-columns-is-layout-flex\">\n<div class=\"wp-block-column is-vertically-aligned-center is-layout-flow wp-block-column-is-layout-flow\" style=\"flex-basis:50%\">\n<h2 class=\"wp-block-heading has-black-color has-text-color\">Dzia\u0142alno\u015b\u0107 naukowa<\/h2>\n\n\n\n<p class=\"has-nv-text-dark-bg-color has-text-color\">w budowie<\/p>\n\n\n\n<div style=\"height:20px\" aria-hidden=\"true\" class=\"wp-block-spacer\"><\/div>\n\n\n\n<div style=\"height:20px\" aria-hidden=\"true\" class=\"wp-block-spacer\"><\/div>\n<\/div>\n\n\n\n<div class=\"wp-block-column is-vertically-aligned-center is-layout-flow wp-block-column-is-layout-flow\" style=\"flex-basis:50%\">\n<div class=\"wp-block-cover\"><span aria-hidden=\"true\" class=\"wp-block-cover__background has-background-dim\"><\/span><img decoding=\"async\" width=\"1024\" height=\"683\" class=\"wp-block-cover__image-background wp-image-464\" alt=\"\" src=\"http:\/\/www.joannamostowik.com\/wp-content\/uploads\/2024\/02\/uruchomienie-koncepcji-pracy-zespolowej-zespolu-1024x683.jpg\" data-object-fit=\"cover\" srcset=\"https:\/\/www.joannamostowik.com\/wp-content\/uploads\/2024\/02\/uruchomienie-koncepcji-pracy-zespolowej-zespolu-1024x683.jpg 1024w, https:\/\/www.joannamostowik.com\/wp-content\/uploads\/2024\/02\/uruchomienie-koncepcji-pracy-zespolowej-zespolu-300x200.jpg 300w, https:\/\/www.joannamostowik.com\/wp-content\/uploads\/2024\/02\/uruchomienie-koncepcji-pracy-zespolowej-zespolu-768x512.jpg 768w, https:\/\/www.joannamostowik.com\/wp-content\/uploads\/2024\/02\/uruchomienie-koncepcji-pracy-zespolowej-zespolu-1536x1024.jpg 1536w, https:\/\/www.joannamostowik.com\/wp-content\/uploads\/2024\/02\/uruchomienie-koncepcji-pracy-zespolowej-zespolu-2048x1365.jpg 2048w, https:\/\/www.joannamostowik.com\/wp-content\/uploads\/2024\/02\/uruchomienie-koncepcji-pracy-zespolowej-zespolu-360x240.jpg 360w\" sizes=\"(max-width: 1024px) 100vw, 1024px\" \/><div class=\"wp-block-cover__inner-container is-layout-flow wp-block-cover-is-layout-flow\">\n<p class=\"has-text-align-center has-large-font-size\"><\/p>\n<\/div><\/div>\n<\/div>\n<\/div>\n<\/div><\/div>\n<\/div><\/div>\n\n\n\n<div style=\"height:50px\" aria-hidden=\"true\" class=\"wp-block-spacer\"><\/div>\n","protected":false},"excerpt":{"rendered":"<p>dr Joanna Mostowik Specjalista Psycholog KlinicznyPsychoterapeutka Witam serdecznie! Jestem psychologiem klinicznym oraz psychoterapeutk\u0105 w procesie certyfikacji Polskiego Towarzystwa Psychiatrycznego. Zajmuj\u0119 si\u0119 diagnoz\u0105 kliniczn\u0105, prowadz\u0119 psychoterapi\u0119 doros\u0142ych i m\u0142odzie\u017cy. Oferuj\u0119 tak\u017ce wsparcie psychologiczne i psychoterapi\u0119 w okresie oko\u0142oporodowym. EDUKACJA I DO\u015aWIADCZENIE Uko\u0144czy\u0142am psychologi\u0119 stosowan\u0105 na Uniwersytecie Jagiello\u0144skim, gdzie w 2022 roku [&hellip;]<\/p>\n","protected":false},"author":1,"featured_media":0,"parent":0,"menu_order":0,"comment_status":"closed","ping_status":"closed","template":"","meta":{"_uag_custom_page_level_css":"","_themeisle_gutenberg_block_has_review":false,"_ti_tpc_template_sync":false,"_ti_tpc_template_id":"eex7gnweb2m8vo93cr1g","footnotes":"[]"},"class_list":["post-311","page","type-page","status-publish","hentry"],"uagb_featured_image_src":{"full":false,"thumbnail":false,"medium":false,"medium_large":false,"large":false,"1536x1536":false,"2048x2048":false,"hestia-blog":false},"uagb_author_info":{"display_name":"admin9028","author_link":"https:\/\/www.joannamostowik.com\/index.php\/author\/admin9028\/"},"uagb_comment_info":0,"uagb_excerpt":"dr Joanna Mostowik Specjalista Psycholog KlinicznyPsychoterapeutka Witam serdecznie! Jestem psychologiem klinicznym oraz psychoterapeutk\u0105 w procesie certyfikacji Polskiego Towarzystwa Psychiatrycznego. Zajmuj\u0119 si\u0119 diagnoz\u0105 kliniczn\u0105, prowadz\u0119 psychoterapi\u0119 doros\u0142ych i m\u0142odzie\u017cy. Oferuj\u0119 tak\u017ce wsparcie psychologiczne i psychoterapi\u0119 w okresie oko\u0142oporodowym. EDUKACJA I DO\u015aWIADCZENIE Uko\u0144czy\u0142am psychologi\u0119 stosowan\u0105 na Uniwersytecie Jagiello\u0144skim, gdzie w 2022 roku [&hellip;]","_links":{"self":[{"href":"https:\/\/www.joannamostowik.com\/index.php\/wp-json\/wp\/v2\/pages\/311","targetHints":{"allow":["GET"]}}],"collection":[{"href":"https:\/\/www.joannamostowik.com\/index.php\/wp-json\/wp\/v2\/pages"}],"about":[{"href":"https:\/\/www.joannamostowik.com\/index.php\/wp-json\/wp\/v2\/types\/page"}],"author":[{"embeddable":true,"href":"https:\/\/www.joannamostowik.com\/index.php\/wp-json\/wp\/v2\/users\/1"}],"replies":[{"embeddable":true,"href":"https:\/\/www.joannamostowik.com\/index.php\/wp-json\/wp\/v2\/comments?post=311"}],"version-history":[{"count":17,"href":"https:\/\/www.joannamostowik.com\/index.php\/wp-json\/wp\/v2\/pages\/311\/revisions"}],"predecessor-version":[{"id":547,"href":"https:\/\/www.joannamostowik.com\/index.php\/wp-json\/wp\/v2\/pages\/311\/revisions\/547"}],"wp:attachment":[{"href":"https:\/\/www.joannamostowik.com\/index.php\/wp-json\/wp\/v2\/media?parent=311"}],"curies":[{"name":"wp","href":"https:\/\/api.w.org\/{rel}","templated":true}]}}