{"id":2,"date":"2024-01-04T20:31:38","date_gmt":"2024-01-04T19:31:38","guid":{"rendered":"http:\/\/www.joannamostowik.com\/?page_id=2"},"modified":"2024-02-08T12:47:22","modified_gmt":"2024-02-08T11:47:22","slug":"psychoterapia","status":"publish","type":"page","link":"https:\/\/www.joannamostowik.com\/index.php\/psychoterapia\/","title":{"rendered":"Psychoterapia"},"content":{"rendered":"\n<blockquote class=\"wp-block-quote is-layout-flow wp-block-quote-is-layout-flow\">\n<p><em>Podj\u0119cie odpowiedzialno\u015bci to zasadniczy krok w procesie terapeutycznym. Gdy ju\u017c cz\u0142owiek rozpozna sw\u00f3j udzia\u0142 w tworzeniu w\u0142asnego trudnego po\u0142o\u017cenia, zdaje sobie spraw\u0119, \u017ce on i jedynie on ma moc, by sytuacj\u0119 zmieni\u0107<\/em><\/p>\n<cite>Irvin Yalom<\/cite><\/blockquote>\n\n\n\n<div style=\"height:80px\" aria-hidden=\"true\" class=\"wp-block-spacer\"><\/div>\n\n\n\n<div class=\"wp-block-columns is-layout-flex wp-container-core-columns-is-layout-28f84493 wp-block-columns-is-layout-flex\">\n<div class=\"wp-block-column is-layout-flow wp-block-column-is-layout-flow\">\n<figure class=\"wp-block-image size-large\"><img fetchpriority=\"high\" decoding=\"async\" width=\"1024\" height=\"1024\" src=\"https:\/\/www.joannamostowik.com\/wp-content\/uploads\/2024\/02\/Obraz-autorstwa-pikisuperstar-na-Freepik-1024x1024.jpg\" alt=\"\" class=\"wp-image-532\" srcset=\"https:\/\/www.joannamostowik.com\/wp-content\/uploads\/2024\/02\/Obraz-autorstwa-pikisuperstar-na-Freepik-1024x1024.jpg 1024w, https:\/\/www.joannamostowik.com\/wp-content\/uploads\/2024\/02\/Obraz-autorstwa-pikisuperstar-na-Freepik-300x300.jpg 300w, https:\/\/www.joannamostowik.com\/wp-content\/uploads\/2024\/02\/Obraz-autorstwa-pikisuperstar-na-Freepik-150x150.jpg 150w, https:\/\/www.joannamostowik.com\/wp-content\/uploads\/2024\/02\/Obraz-autorstwa-pikisuperstar-na-Freepik-768x768.jpg 768w, https:\/\/www.joannamostowik.com\/wp-content\/uploads\/2024\/02\/Obraz-autorstwa-pikisuperstar-na-Freepik-1536x1536.jpg 1536w, https:\/\/www.joannamostowik.com\/wp-content\/uploads\/2024\/02\/Obraz-autorstwa-pikisuperstar-na-Freepik.jpg 2000w\" sizes=\"(max-width: 1024px) 100vw, 1024px\" \/><\/figure>\n\n\n\n<div style=\"height:14px\" aria-hidden=\"true\" class=\"wp-block-spacer\"><\/div>\n\n\n\n<h3 class=\"wp-block-heading has-text-align-center has-neve-text-color-color has-text-color\"><strong>PSYCHOTERAPIA INDYWIDUALNA DOROS\u0141YCH<\/strong><\/h3>\n\n\n\n<p>Psychoterapia indywidualna os\u00f3b doros\u0142ych przeznaczona jest dla os\u00f3b, kt\u00f3re do\u015bwiadczaj\u0105 r\u00f3\u017cnych objaw\u00f3w, takich jak niepok\u00f3j, smutek, trudno\u015bci z koncentracj\u0105 uwagi, pami\u0119ci\u0105, problemy ze snem, brak satysfakcji i rado\u015bci ze swojego \u017cycia, trudno\u015bci w pracy zawodowej oraz w relacjach interpersonalnych. Psychoterapia mo\u017ce by\u0107 tak\u017ce pomocna dla os\u00f3b, kt\u00f3re znajduj\u0105 si\u0119 w sytuacji kryzysowej, kt\u00f3ra przekracza dost\u0119pne mo\u017cliwo\u015bci radzenia sobie.<\/p>\n\n\n\n<p>Z psychoterapii warto skorzysta\u0107, wtedy gdy jaka\u015b sytuacja lub stan powoduj\u0105 z\u0142e samopoczucie, cierpienie lub wtedy, gdy osoby bliskie dostrzegaj\u0105 lub sugeruj\u0105 trudno\u015bci natury psychologicznej.<\/p>\n\n\n\n<p>Spotkania odbywaj\u0105 si\u0119 w formie cotygodniowych sesji.<\/p>\n\n\n\n<p>Rozpocz\u0119cie psychoterapii poprzedzone jest 2-3 spotkaniami diagnostyczno-konsultacyjnymi s\u0142u\u017c\u0105cymi okre\u015bleniu zg\u0142aszanych trudno\u015bci oraz okre\u015bleniu najodpowiedniejszej formy pomocy.<\/p>\n<\/div>\n\n\n\n<div class=\"wp-block-column is-layout-flow wp-block-column-is-layout-flow\">\n<figure class=\"wp-block-image size-large is-resized\"><img decoding=\"async\" width=\"1024\" height=\"981\" src=\"https:\/\/www.joannamostowik.com\/wp-content\/uploads\/2024\/02\/sylwetki-przyjaciol-szczesliwy-skoki-na-zachod-slonca-1024x981.jpg\" alt=\"\" class=\"wp-image-536\" style=\"width:431px;height:auto\" srcset=\"https:\/\/www.joannamostowik.com\/wp-content\/uploads\/2024\/02\/sylwetki-przyjaciol-szczesliwy-skoki-na-zachod-slonca-1024x981.jpg 1024w, https:\/\/www.joannamostowik.com\/wp-content\/uploads\/2024\/02\/sylwetki-przyjaciol-szczesliwy-skoki-na-zachod-slonca-300x287.jpg 300w, https:\/\/www.joannamostowik.com\/wp-content\/uploads\/2024\/02\/sylwetki-przyjaciol-szczesliwy-skoki-na-zachod-slonca-768x736.jpg 768w, https:\/\/www.joannamostowik.com\/wp-content\/uploads\/2024\/02\/sylwetki-przyjaciol-szczesliwy-skoki-na-zachod-slonca-1536x1472.jpg 1536w, https:\/\/www.joannamostowik.com\/wp-content\/uploads\/2024\/02\/sylwetki-przyjaciol-szczesliwy-skoki-na-zachod-slonca-2048x1962.jpg 2048w\" sizes=\"(max-width: 1024px) 100vw, 1024px\" \/><\/figure>\n\n\n\n<div style=\"height:26px\" aria-hidden=\"true\" class=\"wp-block-spacer\"><\/div>\n\n\n\n<h3 class=\"wp-block-heading has-text-align-center has-neve-text-color-color has-text-color\"><strong>PSYCHOTERAPIA INDYWIDUALNA M\u0141ODZIE\u017bY<\/strong><\/h3>\n\n\n\n<p>Adolescencja jest etapem rozwoju, w kt\u00f3rym dochodzi do dynamicznych zmian w sferze fizycznej, poznawczej, emocjonalnej i spo\u0142ecznej. To moment intensywnych zmian, poszukiwania w\u0142asnej to\u017csamo\u015bci, okre\u015blania siebie, w\u0142asnych upodoba\u0144, potrzeb, pogl\u0105d\u00f3w. To etap, kiedy mog\u0105 pojawia\u0107 si\u0119 niezrozumia\u0142e dla nastolatka nastroje, niepokoj\u0105ce zachowania. Czas ten jest tak\u017ce trudny dla rodzic\u00f3w, kt\u00f3rzy staj\u0105 w obliczu nowych wyzwa\u0144. Kontakt z dzieckiem staje si\u0119 cz\u0119sto burzliwy, trudny, co cho\u0107 trudne to nie zawsze musi \u015bwiadczy\u0107 o wyst\u0119puj\u0105cych zaburzeniach. W okres adolescencji wpisany jest czas podwa\u017cania bliskich autorytet\u00f3w, w tym autorytetu rodzicielskiego. Znaczenia nabiera przede wszystkim grupa r\u00f3wie\u015bnicza. To powoduje tak\u017ce, \u017ce rodzicom cz\u0119sto trudno jest dotrze\u0107 do c\u00f3rki, syna. Adolescencja jest okresem rozwoju niezwykle podatnym na pojawiaj\u0105ce si\u0119 trudno\u015bci emocjonalno-spo\u0142eczne, wy\u0142aniaj\u0105ce si\u0119 zaburzenia psychiczne.<\/p>\n\n\n\n<p>Trudno\u015bci, jakie mog\u0105 pojawi\u0107 si\u0119 w adolescencji\/niepokoj\u0105ce sygna\u0142y:<\/p>\n\n\n\n<ul class=\"wp-block-list\">\n<li>stany depresyjne, l\u0119kowe<\/li>\n\n\n\n<li>dolegliwo\u015bci psychosomatyczne (cz\u0119ste, nieuzasadnione badaniami medycznymi b\u00f3le brzucha, g\u0142owy, biegunki, wymioty, zm\u0119czenie)<\/li>\n\n\n\n<li>agresja i autoagresja (samookaleczenia, pr\u00f3by samob\u00f3jcze)<\/li>\n\n\n\n<li>niech\u0119\u0107 do kontakt\u00f3w z r\u00f3wie\u015bnikami, nadmierne wycofanie i izolacja spo\u0142eczna<\/li>\n\n\n\n<li>problemy ze snem, zwi\u0119kszone zm\u0119czenie<\/li>\n\n\n\n<li>zaburzenia od\u017cywiania (anoreksja, bulimia, przejadanie si\u0119)<\/li>\n\n\n\n<li>unikanie obowi\u0105zku szkolnego<\/li>\n<\/ul>\n\n\n\n<p>Spotkania odbywaj\u0105 si\u0119 w formie cotygodniowych sesji.<\/p>\n\n\n\n<p>Rozpocz\u0119cie psychoterapii poprzedzone jest 2-3 spotkaniami diagnostyczno-konsultacyjnymi s\u0142u\u017c\u0105cymi okre\u015bleniu zg\u0142aszanych trudno\u015bci oraz okre\u015bleniu najodpowiedniejszej formy pomocy.<\/p>\n<\/div>\n<\/div>\n\n\n\n<div style=\"height:50px\" aria-hidden=\"true\" class=\"wp-block-spacer\"><\/div>\n","protected":false},"excerpt":{"rendered":"<p>Podj\u0119cie odpowiedzialno\u015bci to zasadniczy krok w procesie terapeutycznym. Gdy ju\u017c cz\u0142owiek rozpozna sw\u00f3j udzia\u0142 w tworzeniu w\u0142asnego trudnego po\u0142o\u017cenia, zdaje sobie spraw\u0119, \u017ce on i jedynie on ma moc, by sytuacj\u0119 zmieni\u0107 Irvin Yalom PSYCHOTERAPIA INDYWIDUALNA DOROS\u0141YCH Psychoterapia indywidualna os\u00f3b doros\u0142ych przeznaczona jest dla os\u00f3b, kt\u00f3re do\u015bwiadczaj\u0105 r\u00f3\u017cnych objaw\u00f3w, takich [&hellip;]<\/p>\n","protected":false},"author":1,"featured_media":0,"parent":0,"menu_order":0,"comment_status":"closed","ping_status":"closed","template":"","meta":{"_uag_custom_page_level_css":"","_themeisle_gutenberg_block_has_review":false,"_ti_tpc_template_sync":false,"_ti_tpc_template_id":"","footnotes":""},"class_list":["post-2","page","type-page","status-publish","hentry"],"uagb_featured_image_src":{"full":false,"thumbnail":false,"medium":false,"medium_large":false,"large":false,"1536x1536":false,"2048x2048":false,"hestia-blog":false},"uagb_author_info":{"display_name":"admin9028","author_link":"https:\/\/www.joannamostowik.com\/index.php\/author\/admin9028\/"},"uagb_comment_info":0,"uagb_excerpt":"Podj\u0119cie odpowiedzialno\u015bci to zasadniczy krok w procesie terapeutycznym. Gdy ju\u017c cz\u0142owiek rozpozna sw\u00f3j udzia\u0142 w tworzeniu w\u0142asnego trudnego po\u0142o\u017cenia, zdaje sobie spraw\u0119, \u017ce on i jedynie on ma moc, by sytuacj\u0119 zmieni\u0107 Irvin Yalom PSYCHOTERAPIA INDYWIDUALNA DOROS\u0141YCH Psychoterapia indywidualna os\u00f3b doros\u0142ych przeznaczona jest dla os\u00f3b, kt\u00f3re do\u015bwiadczaj\u0105 r\u00f3\u017cnych objaw\u00f3w, takich [&hellip;]","_links":{"self":[{"href":"https:\/\/www.joannamostowik.com\/index.php\/wp-json\/wp\/v2\/pages\/2","targetHints":{"allow":["GET"]}}],"collection":[{"href":"https:\/\/www.joannamostowik.com\/index.php\/wp-json\/wp\/v2\/pages"}],"about":[{"href":"https:\/\/www.joannamostowik.com\/index.php\/wp-json\/wp\/v2\/types\/page"}],"author":[{"embeddable":true,"href":"https:\/\/www.joannamostowik.com\/index.php\/wp-json\/wp\/v2\/users\/1"}],"replies":[{"embeddable":true,"href":"https:\/\/www.joannamostowik.com\/index.php\/wp-json\/wp\/v2\/comments?post=2"}],"version-history":[{"count":7,"href":"https:\/\/www.joannamostowik.com\/index.php\/wp-json\/wp\/v2\/pages\/2\/revisions"}],"predecessor-version":[{"id":542,"href":"https:\/\/www.joannamostowik.com\/index.php\/wp-json\/wp\/v2\/pages\/2\/revisions\/542"}],"wp:attachment":[{"href":"https:\/\/www.joannamostowik.com\/index.php\/wp-json\/wp\/v2\/media?parent=2"}],"curies":[{"name":"wp","href":"https:\/\/api.w.org\/{rel}","templated":true}]}}