{"id":129,"date":"2024-01-30T00:43:37","date_gmt":"2024-01-29T23:43:37","guid":{"rendered":"https:\/\/www.joannamostowik.com\/?page_id=129"},"modified":"2024-02-07T15:12:07","modified_gmt":"2024-02-07T14:12:07","slug":"oferta","status":"publish","type":"page","link":"https:\/\/www.joannamostowik.com\/index.php\/oferta\/","title":{"rendered":"Oferta"},"content":{"rendered":"\n<div class=\"wp-block-cover alignfull\" style=\"min-height:542px;aspect-ratio:unset;\"><span aria-hidden=\"true\" class=\"wp-block-cover__background has-neve-link-color-background-color has-background-dim-60 has-background-dim\"><\/span><img fetchpriority=\"high\" decoding=\"async\" width=\"2000\" height=\"1199\" class=\"wp-block-cover__image-background wp-image-122\" alt=\"\" src=\"http:\/\/www.joannamostowik.com\/wp-content\/uploads\/2024\/01\/cropped-gory-psychoterapia.jpg\" data-object-fit=\"cover\" srcset=\"https:\/\/www.joannamostowik.com\/wp-content\/uploads\/2024\/01\/cropped-gory-psychoterapia.jpg 2000w, https:\/\/www.joannamostowik.com\/wp-content\/uploads\/2024\/01\/cropped-gory-psychoterapia-300x180.jpg 300w, https:\/\/www.joannamostowik.com\/wp-content\/uploads\/2024\/01\/cropped-gory-psychoterapia-1024x614.jpg 1024w\" sizes=\"(max-width: 2000px) 100vw, 2000px\" \/><div class=\"wp-block-cover__inner-container is-layout-flow wp-block-cover-is-layout-flow\">\n<p class=\"has-text-align-center has-nv-text-dark-bg-color has-text-color has-superbfont-medium-font-size\"><em>By\u0107 mo\u017ce jedynym sensownym celem \u017cycia jest do\u015bwiadcza\u0107 go, a zarazem pomaga\u0107 innym, by mogli go do\u015bwiadcza\u0107. <\/em><br>Rollo May<\/p>\n\n\n\n<div class=\"wp-block-buttons is-horizontal is-content-justification-center is-layout-flex wp-container-core-buttons-is-layout-03627597 wp-block-buttons-is-layout-flex\"><\/div>\n<\/div><\/div>\n\n\n\n<h2 class=\"wp-block-heading has-text-align-center\"><strong>Oferta<\/strong><\/h2>\n\n\n\n<div class=\"wp-block-columns is-layout-flex wp-container-core-columns-is-layout-28f84493 wp-block-columns-is-layout-flex\">\n<div class=\"wp-block-column is-layout-flow wp-block-column-is-layout-flow\">\n<figure class=\"wp-block-image size-large\"><img decoding=\"async\" width=\"1024\" height=\"684\" src=\"http:\/\/www.joannamostowik.com\/wp-content\/uploads\/2024\/01\/zakonczenie-nierozpoznawalna-dama-robi-notatkom-1024x684.jpg\" alt=\"diagnoza psychologiczna\" class=\"wp-image-107\" srcset=\"https:\/\/www.joannamostowik.com\/wp-content\/uploads\/2024\/01\/zakonczenie-nierozpoznawalna-dama-robi-notatkom-1024x684.jpg 1024w, https:\/\/www.joannamostowik.com\/wp-content\/uploads\/2024\/01\/zakonczenie-nierozpoznawalna-dama-robi-notatkom-300x200.jpg 300w, https:\/\/www.joannamostowik.com\/wp-content\/uploads\/2024\/01\/zakonczenie-nierozpoznawalna-dama-robi-notatkom-768x513.jpg 768w, https:\/\/www.joannamostowik.com\/wp-content\/uploads\/2024\/01\/zakonczenie-nierozpoznawalna-dama-robi-notatkom-1536x1025.jpg 1536w, https:\/\/www.joannamostowik.com\/wp-content\/uploads\/2024\/01\/zakonczenie-nierozpoznawalna-dama-robi-notatkom-2048x1367.jpg 2048w\" sizes=\"(max-width: 1024px) 100vw, 1024px\" \/><\/figure>\n\n\n\n<div class=\"wp-block-uagb-buttons uagb-buttons__outer-wrap uagb-btn__default-btn uagb-btn-tablet__default-btn uagb-btn-mobile__default-btn uagb-block-3fe586f2\"><div class=\"uagb-buttons__wrap uagb-buttons-layout-wrap\">\n<div class=\"wp-block-uagb-buttons-child uagb-buttons__outer-wrap uagb-block-3414d324 wp-block-button\"><div class=\"uagb-button__wrapper\"><a class=\"uagb-buttons-repeater wp-block-button__link\" href=\"https:\/\/www.joannamostowik.com\/index.php\/diagnoza-psychologiczna\/\" onclick=\"return true;\" rel=\"follow noopener\" target=\"_self\"><div class=\"uagb-button__link\">Diagnoza psychologiczna<\/div><span class=\"uagb-button__icon uagb-button__icon-position-after\"><svg xmlns=\"https:\/\/www.w3.org\/2000\/svg\" viewBox=\"0 0 448 512\"><path d=\"M438.6 278.6l-160 160C272.4 444.9 264.2 448 256 448s-16.38-3.125-22.62-9.375c-12.5-12.5-12.5-32.75 0-45.25L338.8 288H32C14.33 288 .0016 273.7 .0016 256S14.33 224 32 224h306.8l-105.4-105.4c-12.5-12.5-12.5-32.75 0-45.25s32.75-12.5 45.25 0l160 160C451.1 245.9 451.1 266.1 438.6 278.6z\"><\/path><\/svg><\/span><\/a><\/div><\/div>\n<\/div><\/div>\n\n\n\n<div style=\"height:20px\" aria-hidden=\"true\" class=\"wp-block-spacer\"><\/div>\n<\/div>\n\n\n\n<div class=\"wp-block-column is-layout-flow wp-block-column-is-layout-flow\">\n<figure class=\"wp-block-image size-large\"><img decoding=\"async\" width=\"1024\" height=\"683\" src=\"http:\/\/www.joannamostowik.com\/wp-content\/uploads\/2024\/02\/sofa-1024x683.jpg\" alt=\"\" class=\"wp-image-505\" srcset=\"https:\/\/www.joannamostowik.com\/wp-content\/uploads\/2024\/02\/sofa-1024x683.jpg 1024w, https:\/\/www.joannamostowik.com\/wp-content\/uploads\/2024\/02\/sofa-300x200.jpg 300w, https:\/\/www.joannamostowik.com\/wp-content\/uploads\/2024\/02\/sofa-768x512.jpg 768w, https:\/\/www.joannamostowik.com\/wp-content\/uploads\/2024\/02\/sofa-1536x1024.jpg 1536w, https:\/\/www.joannamostowik.com\/wp-content\/uploads\/2024\/02\/sofa-2048x1365.jpg 2048w, https:\/\/www.joannamostowik.com\/wp-content\/uploads\/2024\/02\/sofa-360x240.jpg 360w\" sizes=\"(max-width: 1024px) 100vw, 1024px\" \/><\/figure>\n\n\n\n<div class=\"wp-block-uagb-buttons uagb-buttons__outer-wrap uagb-btn__default-btn uagb-btn-tablet__default-btn uagb-btn-mobile__default-btn uagb-block-b630ad56\"><div class=\"uagb-buttons__wrap uagb-buttons-layout-wrap\">\n<div class=\"wp-block-uagb-buttons-child uagb-buttons__outer-wrap uagb-block-64da5cda wp-block-button\"><div class=\"uagb-button__wrapper\"><a class=\"uagb-buttons-repeater wp-block-button__link\" href=\"https:\/\/www.joannamostowik.com\/index.php\/psychoterapia\/\" onclick=\"return true;\" rel=\"follow noopener\" target=\"_self\"><div class=\"uagb-button__link\">Psychoterapia<\/div><span class=\"uagb-button__icon uagb-button__icon-position-after\"><svg xmlns=\"https:\/\/www.w3.org\/2000\/svg\" viewBox=\"0 0 448 512\"><path d=\"M438.6 278.6l-160 160C272.4 444.9 264.2 448 256 448s-16.38-3.125-22.62-9.375c-12.5-12.5-12.5-32.75 0-45.25L338.8 288H32C14.33 288 .0016 273.7 .0016 256S14.33 224 32 224h306.8l-105.4-105.4c-12.5-12.5-12.5-32.75 0-45.25s32.75-12.5 45.25 0l160 160C451.1 245.9 451.1 266.1 438.6 278.6z\"><\/path><\/svg><\/span><\/a><\/div><\/div>\n<\/div><\/div>\n<\/div>\n\n\n\n<div class=\"wp-block-column is-layout-flow wp-block-column-is-layout-flow\">\n<figure class=\"wp-block-image size-large\"><img loading=\"lazy\" decoding=\"async\" width=\"1024\" height=\"683\" src=\"http:\/\/www.joannamostowik.com\/wp-content\/uploads\/2024\/01\/pexels-amina-filkins-5424696-1024x683.jpg\" alt=\"Opieka oko\u0142oporodowa\" class=\"wp-image-106\" srcset=\"https:\/\/www.joannamostowik.com\/wp-content\/uploads\/2024\/01\/pexels-amina-filkins-5424696-1024x683.jpg 1024w, https:\/\/www.joannamostowik.com\/wp-content\/uploads\/2024\/01\/pexels-amina-filkins-5424696-300x200.jpg 300w, https:\/\/www.joannamostowik.com\/wp-content\/uploads\/2024\/01\/pexels-amina-filkins-5424696-768x512.jpg 768w, https:\/\/www.joannamostowik.com\/wp-content\/uploads\/2024\/01\/pexels-amina-filkins-5424696-1536x1024.jpg 1536w, https:\/\/www.joannamostowik.com\/wp-content\/uploads\/2024\/01\/pexels-amina-filkins-5424696-2048x1365.jpg 2048w\" sizes=\"(max-width: 1024px) 100vw, 1024px\" \/><\/figure>\n\n\n\n<div class=\"wp-block-uagb-buttons uagb-buttons__outer-wrap uagb-btn__default-btn uagb-btn-tablet__default-btn uagb-btn-mobile__default-btn uagb-block-64849272\"><div class=\"uagb-buttons__wrap uagb-buttons-layout-wrap\">\n<div class=\"wp-block-uagb-buttons-child uagb-buttons__outer-wrap uagb-block-d6fdf47a wp-block-button\"><div class=\"uagb-button__wrapper\"><a class=\"uagb-buttons-repeater wp-block-button__link\" href=\"https:\/\/www.joannamostowik.com\/index.php\/opieka-okoloporodowa\/\" onclick=\"return true;\" rel=\"follow noopener\" target=\"_self\"><div class=\"uagb-button__link\">Opieka oko\u0142oporodowa<\/div><span class=\"uagb-button__icon uagb-button__icon-position-after\"><svg xmlns=\"https:\/\/www.w3.org\/2000\/svg\" viewBox=\"0 0 448 512\"><path d=\"M438.6 278.6l-160 160C272.4 444.9 264.2 448 256 448s-16.38-3.125-22.62-9.375c-12.5-12.5-12.5-32.75 0-45.25L338.8 288H32C14.33 288 .0016 273.7 .0016 256S14.33 224 32 224h306.8l-105.4-105.4c-12.5-12.5-12.5-32.75 0-45.25s32.75-12.5 45.25 0l160 160C451.1 245.9 451.1 266.1 438.6 278.6z\"><\/path><\/svg><\/span><\/a><\/div><\/div>\n<\/div><\/div>\n<\/div>\n<\/div>\n\n\n\n<div style=\"height:80px\" aria-hidden=\"true\" class=\"wp-block-spacer\"><\/div>\n\n\n\n<div class=\"wp-block-cover alignfull is-light\" style=\"min-height:200px;aspect-ratio:unset;\"><span aria-hidden=\"true\" class=\"wp-block-cover__background has-nv-light-bg-background-color has-background-dim-100 has-background-dim\"><\/span><div class=\"wp-block-cover__inner-container is-layout-flow wp-block-cover-is-layout-flow\">\n<div style=\"height:80px\" aria-hidden=\"true\" class=\"wp-block-spacer\"><\/div>\n\n\n\n<div class=\"wp-block-columns is-layout-flex wp-container-core-columns-is-layout-28f84493 wp-block-columns-is-layout-flex\">\n<div class=\"wp-block-column is-layout-flow wp-block-column-is-layout-flow\"><\/div>\n<\/div>\n\n\n\n<div style=\"height:50px\" aria-hidden=\"true\" class=\"wp-block-spacer\"><\/div>\n<\/div><\/div>\n\n\n","protected":false},"excerpt":{"rendered":"<p>Oferta<\/p>\n","protected":false},"author":1,"featured_media":0,"parent":0,"menu_order":0,"comment_status":"closed","ping_status":"closed","template":"page-templates\/template-pagebuilder-full-width.php","meta":{"_uag_custom_page_level_css":"","_themeisle_gutenberg_block_has_review":false,"_ti_tpc_template_sync":false,"_ti_tpc_template_id":"","footnotes":"[]"},"class_list":["post-129","page","type-page","status-publish","hentry"],"uagb_featured_image_src":{"full":false,"thumbnail":false,"medium":false,"medium_large":false,"large":false,"1536x1536":false,"2048x2048":false,"hestia-blog":false},"uagb_author_info":{"display_name":"admin9028","author_link":"https:\/\/www.joannamostowik.com\/index.php\/author\/admin9028\/"},"uagb_comment_info":0,"uagb_excerpt":"Oferta","_links":{"self":[{"href":"https:\/\/www.joannamostowik.com\/index.php\/wp-json\/wp\/v2\/pages\/129","targetHints":{"allow":["GET"]}}],"collection":[{"href":"https:\/\/www.joannamostowik.com\/index.php\/wp-json\/wp\/v2\/pages"}],"about":[{"href":"https:\/\/www.joannamostowik.com\/index.php\/wp-json\/wp\/v2\/types\/page"}],"author":[{"embeddable":true,"href":"https:\/\/www.joannamostowik.com\/index.php\/wp-json\/wp\/v2\/users\/1"}],"replies":[{"embeddable":true,"href":"https:\/\/www.joannamostowik.com\/index.php\/wp-json\/wp\/v2\/comments?post=129"}],"version-history":[{"count":4,"href":"https:\/\/www.joannamostowik.com\/index.php\/wp-json\/wp\/v2\/pages\/129\/revisions"}],"predecessor-version":[{"id":510,"href":"https:\/\/www.joannamostowik.com\/index.php\/wp-json\/wp\/v2\/pages\/129\/revisions\/510"}],"wp:attachment":[{"href":"https:\/\/www.joannamostowik.com\/index.php\/wp-json\/wp\/v2\/media?parent=129"}],"curies":[{"name":"wp","href":"https:\/\/api.w.org\/{rel}","templated":true}]}}